{"id":102,"date":"2025-05-13T21:20:17","date_gmt":"2025-05-13T21:20:17","guid":{"rendered":"https:\/\/oznilnakliyat.com\/?page_id=102"},"modified":"2025-05-14T16:15:05","modified_gmt":"2025-05-14T16:15:05","slug":"hizmetlerimiz","status":"publish","type":"page","link":"https:\/\/oznilnakliyat.com\/?page_id=102","title":{"rendered":"Hizmetlerimiz"},"content":{"rendered":"\t\t<div data-elementor-type=\"wp-page\" data-elementor-id=\"102\" class=\"elementor elementor-102\" data-elementor-post-type=\"page\">\n\t\t\t\t\t\t<section class=\"elementor-section elementor-top-section elementor-element elementor-element-3d223860 elementor-section-boxed elementor-section-height-default elementor-section-height-default\" data-id=\"3d223860\" data-element_type=\"section\" data-settings=\"{&quot;background_background&quot;:&quot;classic&quot;}\">\n\t\t\t\t\t\t\t<div class=\"elementor-background-overlay\"><\/div>\n\t\t\t\t\t\t\t<div class=\"elementor-container elementor-column-gap-default\">\n\t\t\t\t\t<div class=\"elementor-column elementor-col-100 elementor-top-column elementor-element elementor-element-12e88393\" data-id=\"12e88393\" data-element_type=\"column\">\n\t\t\t<div class=\"elementor-widget-wrap elementor-element-populated\">\n\t\t\t\t\t\t<div class=\"elementor-element elementor-element-644ab49d elementor-widget elementor-widget-heading\" data-id=\"644ab49d\" data-element_type=\"widget\" data-widget_type=\"heading.default\">\n\t\t\t\t<div class=\"elementor-widget-container\">\n\t\t\t\t\t<h2 class=\"elementor-heading-title elementor-size-default\">Hizmetlerimiz<\/h2>\t\t\t\t<\/div>\n\t\t\t\t<\/div>\n\t\t\t\t<div class=\"elementor-element elementor-element-6774bafc elementor-widget__width-auto elementor-align-center elementor-widget elementor-widget-elementskit-button\" data-id=\"6774bafc\" data-element_type=\"widget\" data-widget_type=\"elementskit-button.default\">\n\t\t\t\t<div class=\"elementor-widget-container\">\n\t\t\t\t\t<div class=\"ekit-wid-con\" >\t\t<div class=\"ekit-btn-wraper\">\n\t\t\t\t\t\t\t<a href=\"https:\/\/templatekit.jegtheme.com\/jetrans\/home-1\/\" class=\"elementskit-btn  whitespace--normal\" id=\"\">\n\t\t\t\t\tAna sayfa<svg class=\"e-font-icon-svg e-fas-chevron-right\" viewBox=\"0 0 320 512\" xmlns=\"http:\/\/www.w3.org\/2000\/svg\"><path d=\"M285.476 272.971L91.132 467.314c-9.373 9.373-24.569 9.373-33.941 0l-22.667-22.667c-9.357-9.357-9.375-24.522-.04-33.901L188.505 256 34.484 101.255c-9.335-9.379-9.317-24.544.04-33.901l22.667-22.667c9.373-9.373 24.569-9.373 33.941 0L285.475 239.03c9.373 9.372 9.373 24.568.001 33.941z\"><\/path><\/svg>\t\t\t\t<\/a>\n\t\t\t\t\t<\/div>\n        <\/div>\t\t\t\t<\/div>\n\t\t\t\t<\/div>\n\t\t\t\t<div class=\"elementor-element elementor-element-a6c8647 elementor-widget__width-auto elementor-widget elementor-widget-heading\" data-id=\"a6c8647\" data-element_type=\"widget\" data-widget_type=\"heading.default\">\n\t\t\t\t<div class=\"elementor-widget-container\">\n\t\t\t\t\t<div class=\"elementor-heading-title elementor-size-default\">Hizmetlerimiz<\/div>\t\t\t\t<\/div>\n\t\t\t\t<\/div>\n\t\t\t\t\t<\/div>\n\t\t<\/div>\n\t\t\t\t\t<\/div>\n\t\t<\/section>\n\t\t\t\t<section class=\"elementor-section elementor-top-section elementor-element elementor-element-5100e45 elementor-section-boxed elementor-section-height-default elementor-section-height-default\" data-id=\"5100e45\" data-element_type=\"section\" data-settings=\"{&quot;background_background&quot;:&quot;classic&quot;}\">\n\t\t\t\t\t\t\t<div class=\"elementor-background-overlay\"><\/div>\n\t\t\t\t\t\t\t<div class=\"elementor-container elementor-column-gap-default\">\n\t\t\t\t\t<div class=\"elementor-column elementor-col-100 elementor-top-column elementor-element elementor-element-1bcc79d2\" data-id=\"1bcc79d2\" data-element_type=\"column\">\n\t\t\t<div class=\"elementor-widget-wrap elementor-element-populated\">\n\t\t\t\t\t\t<div class=\"elementor-element elementor-element-26d84ba2 elementor-widget elementor-widget-heading\" data-id=\"26d84ba2\" data-element_type=\"widget\" data-widget_type=\"heading.default\">\n\t\t\t\t<div class=\"elementor-widget-container\">\n\t\t\t\t\t<div class=\"elementor-heading-title elementor-size-default\">\u00d6ZN\u0130L NAKL\u0130YAT<\/div>\t\t\t\t<\/div>\n\t\t\t\t<\/div>\n\t\t\t\t<div class=\"elementor-element elementor-element-400d40f1 elementor-widget elementor-widget-heading\" data-id=\"400d40f1\" data-element_type=\"widget\" data-widget_type=\"heading.default\">\n\t\t\t\t<div class=\"elementor-widget-container\">\n\t\t\t\t\t<h2 class=\"elementor-heading-title elementor-size-default\"> G\u00fcvenli, H\u0131zl\u0131 ve Profesyonel Nakliyat \u00c7\u00f6z\u00fcmleri<\/h2>\t\t\t\t<\/div>\n\t\t\t\t<\/div>\n\t\t\t\t<div class=\"elementor-element elementor-element-76859d2 elementor-widget elementor-widget-image-gallery\" data-id=\"76859d2\" data-element_type=\"widget\" data-widget_type=\"image-gallery.default\">\n\t\t\t\t<div class=\"elementor-widget-container\">\n\t\t\t\t\t\t\t<div class=\"elementor-image-gallery\">\n\t\t\t\n\t\t<style type=\"text\/css\">\n\t\t\t#gallery-1 {\n\t\t\t\tmargin: auto;\n\t\t\t}\n\t\t\t#gallery-1 .gallery-item {\n\t\t\t\tfloat: left;\n\t\t\t\tmargin-top: 10px;\n\t\t\t\ttext-align: center;\n\t\t\t\twidth: 25%;\n\t\t\t}\n\t\t\t#gallery-1 img {\n\t\t\t\tborder: 2px solid #cfcfcf;\n\t\t\t}\n\t\t\t#gallery-1 .gallery-caption {\n\t\t\t\tmargin-left: 0;\n\t\t\t}\n\t\t\t\/* see gallery_shortcode() in wp-includes\/media.php *\/\n\t\t<\/style>\n\t\t<div id='gallery-1' class='gallery galleryid-102 gallery-columns-4 gallery-size-post-thumbnail'><dl class='gallery-item'>\n\t\t\t<dt class='gallery-icon portrait'>\n\t\t\t\t<img fetchpriority=\"high\" decoding=\"async\" width=\"300\" height=\"300\" src=\"https:\/\/oznilnakliyat.com\/wp-content\/uploads\/2025\/05\/WhatsApp-Gorsel-2025-05-14-saat-07.13.01_bcb6871f-300x300.jpg\" class=\"attachment-post-thumbnail size-post-thumbnail\" alt=\"\" srcset=\"https:\/\/oznilnakliyat.com\/wp-content\/uploads\/2025\/05\/WhatsApp-Gorsel-2025-05-14-saat-07.13.01_bcb6871f-300x300.jpg 300w, https:\/\/oznilnakliyat.com\/wp-content\/uploads\/2025\/05\/WhatsApp-Gorsel-2025-05-14-saat-07.13.01_bcb6871f-150x150.jpg 150w\" sizes=\"(max-width: 300px) 100vw, 300px\" \/>\n\t\t\t<\/dt><\/dl><dl class='gallery-item'>\n\t\t\t<dt class='gallery-icon portrait'>\n\t\t\t\t<img decoding=\"async\" width=\"300\" height=\"300\" src=\"https:\/\/oznilnakliyat.com\/wp-content\/uploads\/2025\/05\/WhatsApp-Gorsel-2025-05-14-saat-07.13.00_d77ec8b3-300x300.jpg\" class=\"attachment-post-thumbnail size-post-thumbnail\" alt=\"\" srcset=\"https:\/\/oznilnakliyat.com\/wp-content\/uploads\/2025\/05\/WhatsApp-Gorsel-2025-05-14-saat-07.13.00_d77ec8b3-300x300.jpg 300w, https:\/\/oznilnakliyat.com\/wp-content\/uploads\/2025\/05\/WhatsApp-Gorsel-2025-05-14-saat-07.13.00_d77ec8b3-150x150.jpg 150w\" sizes=\"(max-width: 300px) 100vw, 300px\" \/>\n\t\t\t<\/dt><\/dl><dl class='gallery-item'>\n\t\t\t<dt class='gallery-icon landscape'>\n\t\t\t\t<img decoding=\"async\" width=\"300\" height=\"300\" src=\"https:\/\/oznilnakliyat.com\/wp-content\/uploads\/2025\/05\/WhatsApp-Gorsel-2025-05-14-saat-07.12.59_55565f67-300x300.jpg\" class=\"attachment-post-thumbnail size-post-thumbnail\" alt=\"\" srcset=\"https:\/\/oznilnakliyat.com\/wp-content\/uploads\/2025\/05\/WhatsApp-Gorsel-2025-05-14-saat-07.12.59_55565f67-300x300.jpg 300w, https:\/\/oznilnakliyat.com\/wp-content\/uploads\/2025\/05\/WhatsApp-Gorsel-2025-05-14-saat-07.12.59_55565f67-150x150.jpg 150w\" sizes=\"(max-width: 300px) 100vw, 300px\" \/>\n\t\t\t<\/dt><\/dl><dl class='gallery-item'>\n\t\t\t<dt class='gallery-icon portrait'>\n\t\t\t\t<img loading=\"lazy\" decoding=\"async\" width=\"300\" height=\"300\" src=\"https:\/\/oznilnakliyat.com\/wp-content\/uploads\/2025\/05\/WhatsApp-Gorsel-2025-05-14-saat-07.12.58_f923f7dd-300x300.jpg\" class=\"attachment-post-thumbnail size-post-thumbnail\" alt=\"\" srcset=\"https:\/\/oznilnakliyat.com\/wp-content\/uploads\/2025\/05\/WhatsApp-Gorsel-2025-05-14-saat-07.12.58_f923f7dd-300x300.jpg 300w, https:\/\/oznilnakliyat.com\/wp-content\/uploads\/2025\/05\/WhatsApp-Gorsel-2025-05-14-saat-07.12.58_f923f7dd-150x150.jpg 150w\" sizes=\"(max-width: 300px) 100vw, 300px\" \/>\n\t\t\t<\/dt><\/dl><br style=\"clear: both\" \/><dl class='gallery-item'>\n\t\t\t<dt class='gallery-icon portrait'>\n\t\t\t\t<img loading=\"lazy\" decoding=\"async\" width=\"300\" height=\"300\" src=\"https:\/\/oznilnakliyat.com\/wp-content\/uploads\/2025\/05\/WhatsApp-Gorsel-2025-05-14-saat-07.12.55_225cf55b-300x300.jpg\" class=\"attachment-post-thumbnail size-post-thumbnail\" alt=\"\" srcset=\"https:\/\/oznilnakliyat.com\/wp-content\/uploads\/2025\/05\/WhatsApp-Gorsel-2025-05-14-saat-07.12.55_225cf55b-300x300.jpg 300w, https:\/\/oznilnakliyat.com\/wp-content\/uploads\/2025\/05\/WhatsApp-Gorsel-2025-05-14-saat-07.12.55_225cf55b-150x150.jpg 150w\" sizes=\"(max-width: 300px) 100vw, 300px\" \/>\n\t\t\t<\/dt><\/dl><dl class='gallery-item'>\n\t\t\t<dt class='gallery-icon portrait'>\n\t\t\t\t<img loading=\"lazy\" decoding=\"async\" width=\"300\" height=\"300\" src=\"https:\/\/oznilnakliyat.com\/wp-content\/uploads\/2025\/05\/WhatsApp-Gorsel-2025-05-14-saat-07.12.56_06d9094a-300x300.jpg\" class=\"attachment-post-thumbnail size-post-thumbnail\" alt=\"\" srcset=\"https:\/\/oznilnakliyat.com\/wp-content\/uploads\/2025\/05\/WhatsApp-Gorsel-2025-05-14-saat-07.12.56_06d9094a-300x300.jpg 300w, https:\/\/oznilnakliyat.com\/wp-content\/uploads\/2025\/05\/WhatsApp-Gorsel-2025-05-14-saat-07.12.56_06d9094a-150x150.jpg 150w\" sizes=\"(max-width: 300px) 100vw, 300px\" \/>\n\t\t\t<\/dt><\/dl><dl class='gallery-item'>\n\t\t\t<dt class='gallery-icon portrait'>\n\t\t\t\t<img loading=\"lazy\" decoding=\"async\" width=\"300\" height=\"300\" src=\"https:\/\/oznilnakliyat.com\/wp-content\/uploads\/2025\/05\/WhatsApp-Gorsel-2025-05-14-saat-15.45.59_7e6cdf07-300x300.jpg\" class=\"attachment-post-thumbnail size-post-thumbnail\" alt=\"\" srcset=\"https:\/\/oznilnakliyat.com\/wp-content\/uploads\/2025\/05\/WhatsApp-Gorsel-2025-05-14-saat-15.45.59_7e6cdf07-300x300.jpg 300w, https:\/\/oznilnakliyat.com\/wp-content\/uploads\/2025\/05\/WhatsApp-Gorsel-2025-05-14-saat-15.45.59_7e6cdf07-150x150.jpg 150w\" sizes=\"(max-width: 300px) 100vw, 300px\" \/>\n\t\t\t<\/dt><\/dl><dl class='gallery-item'>\n\t\t\t<dt class='gallery-icon portrait'>\n\t\t\t\t<img loading=\"lazy\" decoding=\"async\" width=\"300\" height=\"300\" src=\"https:\/\/oznilnakliyat.com\/wp-content\/uploads\/2025\/05\/WhatsApp-Gorsel-2025-05-14-saat-15.45.59_585f5211-300x300.jpg\" class=\"attachment-post-thumbnail size-post-thumbnail\" alt=\"\" srcset=\"https:\/\/oznilnakliyat.com\/wp-content\/uploads\/2025\/05\/WhatsApp-Gorsel-2025-05-14-saat-15.45.59_585f5211-300x300.jpg 300w, https:\/\/oznilnakliyat.com\/wp-content\/uploads\/2025\/05\/WhatsApp-Gorsel-2025-05-14-saat-15.45.59_585f5211-150x150.jpg 150w\" sizes=\"(max-width: 300px) 100vw, 300px\" \/>\n\t\t\t<\/dt><\/dl><br style=\"clear: both\" \/>\n\t\t<\/div>\n\t\t<\/div>\n\t\t\t\t\t\t<\/div>\n\t\t\t\t<\/div>\n\t\t\t\t\t<\/div>\n\t\t<\/div>\n\t\t\t\t\t<\/div>\n\t\t<\/section>\n\t\t\t\t<\/div>\n\t\t","protected":false},"excerpt":{"rendered":"<p>Hizmetlerimiz Ana sayfa Hizmetlerimiz \u00d6ZN\u0130L NAKL\u0130YAT G\u00fcvenli, H\u0131zl\u0131 ve Profesyonel Nakliyat \u00c7\u00f6z\u00fcmleri<\/p>\n","protected":false},"author":1,"featured_media":0,"parent":0,"menu_order":0,"comment_status":"closed","ping_status":"closed","template":"elementor_header_footer","meta":{"footnotes":""},"class_list":["post-102","page","type-page","status-publish","hentry"],"_links":{"self":[{"href":"https:\/\/oznilnakliyat.com\/index.php?rest_route=\/wp\/v2\/pages\/102","targetHints":{"allow":["GET"]}}],"collection":[{"href":"https:\/\/oznilnakliyat.com\/index.php?rest_route=\/wp\/v2\/pages"}],"about":[{"href":"https:\/\/oznilnakliyat.com\/index.php?rest_route=\/wp\/v2\/types\/page"}],"author":[{"embeddable":true,"href":"https:\/\/oznilnakliyat.com\/index.php?rest_route=\/wp\/v2\/users\/1"}],"replies":[{"embeddable":true,"href":"https:\/\/oznilnakliyat.com\/index.php?rest_route=%2Fwp%2Fv2%2Fcomments&post=102"}],"version-history":[{"count":31,"href":"https:\/\/oznilnakliyat.com\/index.php?rest_route=\/wp\/v2\/pages\/102\/revisions"}],"predecessor-version":[{"id":307,"href":"https:\/\/oznilnakliyat.com\/index.php?rest_route=\/wp\/v2\/pages\/102\/revisions\/307"}],"wp:attachment":[{"href":"https:\/\/oznilnakliyat.com\/index.php?rest_route=%2Fwp%2Fv2%2Fmedia&parent=102"}],"curies":[{"name":"wp","href":"https:\/\/api.w.org\/{rel}","templated":true}]}}