{"id":111,"date":"2025-05-13T21:21:24","date_gmt":"2025-05-13T21:21:24","guid":{"rendered":"https:\/\/oznilnakliyat.com\/?page_id=111"},"modified":"2025-05-14T11:52:03","modified_gmt":"2025-05-14T11:52:03","slug":"kurumsal","status":"publish","type":"page","link":"https:\/\/oznilnakliyat.com\/?page_id=111","title":{"rendered":"Kurumsal"},"content":{"rendered":"\t\t<div data-elementor-type=\"wp-page\" data-elementor-id=\"111\" class=\"elementor elementor-111\" data-elementor-post-type=\"page\">\n\t\t\t\t\t\t<section class=\"elementor-section elementor-top-section elementor-element elementor-element-1cc4eeae elementor-section-boxed elementor-section-height-default elementor-section-height-default\" data-id=\"1cc4eeae\" data-element_type=\"section\" data-settings=\"{&quot;background_background&quot;:&quot;classic&quot;}\">\n\t\t\t\t\t\t\t<div class=\"elementor-background-overlay\"><\/div>\n\t\t\t\t\t\t\t<div class=\"elementor-container elementor-column-gap-default\">\n\t\t\t\t\t<div class=\"elementor-column elementor-col-100 elementor-top-column elementor-element elementor-element-142c8c9d\" data-id=\"142c8c9d\" data-element_type=\"column\">\n\t\t\t<div class=\"elementor-widget-wrap elementor-element-populated\">\n\t\t\t\t\t\t<div class=\"elementor-element elementor-element-c9232bf elementor-widget elementor-widget-heading\" data-id=\"c9232bf\" data-element_type=\"widget\" data-widget_type=\"heading.default\">\n\t\t\t\t<div class=\"elementor-widget-container\">\n\t\t\t\t\t<h2 class=\"elementor-heading-title elementor-size-default\">Kurumsal<\/h2>\t\t\t\t<\/div>\n\t\t\t\t<\/div>\n\t\t\t\t<div class=\"elementor-element elementor-element-2ac773ca elementor-widget__width-auto elementor-align-center elementor-widget elementor-widget-elementskit-button\" data-id=\"2ac773ca\" data-element_type=\"widget\" data-widget_type=\"elementskit-button.default\">\n\t\t\t\t<div class=\"elementor-widget-container\">\n\t\t\t\t\t<div class=\"ekit-wid-con\" >\t\t<div class=\"ekit-btn-wraper\">\n\t\t\t\t\t\t\t<a href=\"https:\/\/templatekit.jegtheme.com\/jetrans\/home-1\/\" class=\"elementskit-btn  whitespace--normal\" id=\"\">\n\t\t\t\t\tAna Sayfa<svg class=\"e-font-icon-svg e-fas-chevron-right\" viewBox=\"0 0 320 512\" xmlns=\"http:\/\/www.w3.org\/2000\/svg\"><path d=\"M285.476 272.971L91.132 467.314c-9.373 9.373-24.569 9.373-33.941 0l-22.667-22.667c-9.357-9.357-9.375-24.522-.04-33.901L188.505 256 34.484 101.255c-9.335-9.379-9.317-24.544.04-33.901l22.667-22.667c9.373-9.373 24.569-9.373 33.941 0L285.475 239.03c9.373 9.372 9.373 24.568.001 33.941z\"><\/path><\/svg>\t\t\t\t<\/a>\n\t\t\t\t\t<\/div>\n        <\/div>\t\t\t\t<\/div>\n\t\t\t\t<\/div>\n\t\t\t\t<div class=\"elementor-element elementor-element-2de9d1f1 elementor-widget__width-auto elementor-widget elementor-widget-heading\" data-id=\"2de9d1f1\" data-element_type=\"widget\" data-widget_type=\"heading.default\">\n\t\t\t\t<div class=\"elementor-widget-container\">\n\t\t\t\t\t<div class=\"elementor-heading-title elementor-size-default\">KurumsalUs<\/div>\t\t\t\t<\/div>\n\t\t\t\t<\/div>\n\t\t\t\t\t<\/div>\n\t\t<\/div>\n\t\t\t\t\t<\/div>\n\t\t<\/section>\n\t\t\t\t<section class=\"elementor-section elementor-top-section elementor-element elementor-element-67a74d2d elementor-section-boxed elementor-section-height-default elementor-section-height-default\" data-id=\"67a74d2d\" data-element_type=\"section\">\n\t\t\t\t\t\t<div class=\"elementor-container elementor-column-gap-default\">\n\t\t\t\t\t<div class=\"elementor-column elementor-col-50 elementor-top-column elementor-element elementor-element-5c9342a9\" data-id=\"5c9342a9\" data-element_type=\"column\">\n\t\t\t<div class=\"elementor-widget-wrap elementor-element-populated\">\n\t\t\t\t\t\t<div class=\"elementor-element elementor-element-40defc9d elementor-position-left elementor-vertical-align-top elementor-widget elementor-widget-image-box\" data-id=\"40defc9d\" data-element_type=\"widget\" data-widget_type=\"image-box.default\">\n\t\t\t\t<div class=\"elementor-widget-container\">\n\t\t\t\t\t<div class=\"elementor-image-box-wrapper\"><figure class=\"elementor-image-box-img\"><img fetchpriority=\"high\" decoding=\"async\" width=\"1120\" height=\"1120\" src=\"https:\/\/oznilnakliyat.com\/wp-content\/uploads\/2025\/05\/WhatsApp-Gorsel-2025-05-10-saat-14.31.23_a67bd08c.jpg\" class=\"attachment-full size-full wp-image-82\" alt=\"\" srcset=\"https:\/\/oznilnakliyat.com\/wp-content\/uploads\/2025\/05\/WhatsApp-Gorsel-2025-05-10-saat-14.31.23_a67bd08c.jpg 1120w, https:\/\/oznilnakliyat.com\/wp-content\/uploads\/2025\/05\/WhatsApp-Gorsel-2025-05-10-saat-14.31.23_a67bd08c-300x300.jpg 300w, https:\/\/oznilnakliyat.com\/wp-content\/uploads\/2025\/05\/WhatsApp-Gorsel-2025-05-10-saat-14.31.23_a67bd08c-1024x1024.jpg 1024w, https:\/\/oznilnakliyat.com\/wp-content\/uploads\/2025\/05\/WhatsApp-Gorsel-2025-05-10-saat-14.31.23_a67bd08c-150x150.jpg 150w, https:\/\/oznilnakliyat.com\/wp-content\/uploads\/2025\/05\/WhatsApp-Gorsel-2025-05-10-saat-14.31.23_a67bd08c-768x768.jpg 768w\" sizes=\"(max-width: 1120px) 100vw, 1120px\" \/><\/figure><div class=\"elementor-image-box-content\"><h3 class=\"elementor-image-box-title\"> Belgeli ve Resmi Hizmet Anlay\u0131\u015f\u0131<\/h3><p class=\"elementor-image-box-description\">Pellentesque ut diam vel lorem auctor vestibulum in Viverra quam ut nisl egestas tempus uspendisse.<\/p><\/div><\/div>\t\t\t\t<\/div>\n\t\t\t\t<\/div>\n\t\t\t\t<div class=\"elementor-element elementor-element-566da73f elementor-position-left elementor-vertical-align-top elementor-widget elementor-widget-image-box\" data-id=\"566da73f\" data-element_type=\"widget\" data-widget_type=\"image-box.default\">\n\t\t\t\t<div class=\"elementor-widget-container\">\n\t\t\t\t\t<div class=\"elementor-image-box-wrapper\"><figure class=\"elementor-image-box-img\"><img fetchpriority=\"high\" decoding=\"async\" width=\"1120\" height=\"1120\" src=\"https:\/\/oznilnakliyat.com\/wp-content\/uploads\/2025\/05\/WhatsApp-Gorsel-2025-05-10-saat-14.31.23_a67bd08c.jpg\" class=\"attachment-full size-full wp-image-82\" alt=\"\" srcset=\"https:\/\/oznilnakliyat.com\/wp-content\/uploads\/2025\/05\/WhatsApp-Gorsel-2025-05-10-saat-14.31.23_a67bd08c.jpg 1120w, https:\/\/oznilnakliyat.com\/wp-content\/uploads\/2025\/05\/WhatsApp-Gorsel-2025-05-10-saat-14.31.23_a67bd08c-300x300.jpg 300w, https:\/\/oznilnakliyat.com\/wp-content\/uploads\/2025\/05\/WhatsApp-Gorsel-2025-05-10-saat-14.31.23_a67bd08c-1024x1024.jpg 1024w, https:\/\/oznilnakliyat.com\/wp-content\/uploads\/2025\/05\/WhatsApp-Gorsel-2025-05-10-saat-14.31.23_a67bd08c-150x150.jpg 150w, https:\/\/oznilnakliyat.com\/wp-content\/uploads\/2025\/05\/WhatsApp-Gorsel-2025-05-10-saat-14.31.23_a67bd08c-768x768.jpg 768w\" sizes=\"(max-width: 1120px) 100vw, 1120px\" \/><\/figure><div class=\"elementor-image-box-content\"><h3 class=\"elementor-image-box-title\"> Profesyonel Ekip ve K\u0131l\u0131k K\u0131yafet D\u00fczeni<\/h3><p class=\"elementor-image-box-description\">Pellentesque ut diam vel lorem auctor vestibulum in viverra quam ut nisl egestas tempus uspendisse.<\/p><\/div><\/div>\t\t\t\t<\/div>\n\t\t\t\t<\/div>\n\t\t\t\t<div class=\"elementor-element elementor-element-a64f4a3 elementor-position-left elementor-vertical-align-top elementor-widget elementor-widget-image-box\" data-id=\"a64f4a3\" data-element_type=\"widget\" data-widget_type=\"image-box.default\">\n\t\t\t\t<div class=\"elementor-widget-container\">\n\t\t\t\t\t<div class=\"elementor-image-box-wrapper\"><figure class=\"elementor-image-box-img\"><img fetchpriority=\"high\" decoding=\"async\" width=\"1120\" height=\"1120\" src=\"https:\/\/oznilnakliyat.com\/wp-content\/uploads\/2025\/05\/WhatsApp-Gorsel-2025-05-10-saat-14.31.23_a67bd08c.jpg\" class=\"attachment-full size-full wp-image-82\" alt=\"\" srcset=\"https:\/\/oznilnakliyat.com\/wp-content\/uploads\/2025\/05\/WhatsApp-Gorsel-2025-05-10-saat-14.31.23_a67bd08c.jpg 1120w, https:\/\/oznilnakliyat.com\/wp-content\/uploads\/2025\/05\/WhatsApp-Gorsel-2025-05-10-saat-14.31.23_a67bd08c-300x300.jpg 300w, https:\/\/oznilnakliyat.com\/wp-content\/uploads\/2025\/05\/WhatsApp-Gorsel-2025-05-10-saat-14.31.23_a67bd08c-1024x1024.jpg 1024w, https:\/\/oznilnakliyat.com\/wp-content\/uploads\/2025\/05\/WhatsApp-Gorsel-2025-05-10-saat-14.31.23_a67bd08c-150x150.jpg 150w, https:\/\/oznilnakliyat.com\/wp-content\/uploads\/2025\/05\/WhatsApp-Gorsel-2025-05-10-saat-14.31.23_a67bd08c-768x768.jpg 768w\" sizes=\"(max-width: 1120px) 100vw, 1120px\" \/><\/figure><div class=\"elementor-image-box-content\"><h3 class=\"elementor-image-box-title\">Yaz\u0131l\u0131 S\u00f6zle\u015fme ve Ta\u015f\u0131ma G\u00fcvencesi<\/h3><p class=\"elementor-image-box-description\">Pellentesque ut diam vel lorem auctor vestibulum in viverra quam ut nisl egestas tempus uspendisse.<\/p><\/div><\/div>\t\t\t\t<\/div>\n\t\t\t\t<\/div>\n\t\t\t\t<div class=\"elementor-element elementor-element-36d00ff elementor-position-left elementor-vertical-align-top elementor-widget elementor-widget-image-box\" data-id=\"36d00ff\" data-element_type=\"widget\" data-widget_type=\"image-box.default\">\n\t\t\t\t<div class=\"elementor-widget-container\">\n\t\t\t\t\t<div class=\"elementor-image-box-wrapper\"><figure class=\"elementor-image-box-img\"><img fetchpriority=\"high\" decoding=\"async\" width=\"1120\" height=\"1120\" src=\"https:\/\/oznilnakliyat.com\/wp-content\/uploads\/2025\/05\/WhatsApp-Gorsel-2025-05-10-saat-14.31.23_a67bd08c.jpg\" class=\"attachment-full size-full wp-image-82\" alt=\"\" srcset=\"https:\/\/oznilnakliyat.com\/wp-content\/uploads\/2025\/05\/WhatsApp-Gorsel-2025-05-10-saat-14.31.23_a67bd08c.jpg 1120w, https:\/\/oznilnakliyat.com\/wp-content\/uploads\/2025\/05\/WhatsApp-Gorsel-2025-05-10-saat-14.31.23_a67bd08c-300x300.jpg 300w, https:\/\/oznilnakliyat.com\/wp-content\/uploads\/2025\/05\/WhatsApp-Gorsel-2025-05-10-saat-14.31.23_a67bd08c-1024x1024.jpg 1024w, https:\/\/oznilnakliyat.com\/wp-content\/uploads\/2025\/05\/WhatsApp-Gorsel-2025-05-10-saat-14.31.23_a67bd08c-150x150.jpg 150w, https:\/\/oznilnakliyat.com\/wp-content\/uploads\/2025\/05\/WhatsApp-Gorsel-2025-05-10-saat-14.31.23_a67bd08c-768x768.jpg 768w\" sizes=\"(max-width: 1120px) 100vw, 1120px\" \/><\/figure><div class=\"elementor-image-box-content\"><h3 class=\"elementor-image-box-title\"> M\u00fc\u015fteri Memnuniyeti Odakl\u0131 S\u00fcre\u00e7 Y\u00f6netimi<\/h3><p class=\"elementor-image-box-description\">Pellentesque ut diam vel lorem auctor vestibulum in viverra quam ut nisl egestas tempus uspendisse.<\/p><\/div><\/div>\t\t\t\t<\/div>\n\t\t\t\t<\/div>\n\t\t\t\t\t<\/div>\n\t\t<\/div>\n\t\t\t\t<div class=\"elementor-column elementor-col-50 elementor-top-column elementor-element elementor-element-113a7a76\" data-id=\"113a7a76\" data-element_type=\"column\">\n\t\t\t<div class=\"elementor-widget-wrap elementor-element-populated\">\n\t\t\t\t\t\t<div class=\"elementor-element elementor-element-7bc7590 elementor-widget elementor-widget-elementskit-heading\" data-id=\"7bc7590\" data-element_type=\"widget\" data-widget_type=\"elementskit-heading.default\">\n\t\t\t\t<div class=\"elementor-widget-container\">\n\t\t\t\t\t<div class=\"ekit-wid-con\" ><div class=\"ekit-heading elementskit-section-title-wraper text_left   ekit_heading_tablet-   ekit_heading_mobile-\"><div class=\"ekit_heading_separetor_wraper ekit_heading_elementskit-border-divider elementskit-style-long\"><div class=\"elementskit-border-divider elementskit-style-long\"><\/div><\/div><h2 class=\"ekit-heading--title elementskit-section-title \">Hakk\u0131m\u0131zda<\/h2><\/div><\/div>\t\t\t\t<\/div>\n\t\t\t\t<\/div>\n\t\t\t\t<div class=\"elementor-element elementor-element-3763ad41 elementor-widget elementor-widget-heading\" data-id=\"3763ad41\" data-element_type=\"widget\" data-widget_type=\"heading.default\">\n\t\t\t\t<div class=\"elementor-widget-container\">\n\t\t\t\t\t<h2 class=\"elementor-heading-title elementor-size-default\">Ta\u015f\u0131nman\u0131n G\u00fcvenilir Ad\u0131: \u00d6znil Nakliyat\u201d<\/h2>\t\t\t\t<\/div>\n\t\t\t\t<\/div>\n\t\t\t\t<div class=\"elementor-element elementor-element-2f8ac0d2 elementor-widget elementor-widget-text-editor\" data-id=\"2f8ac0d2\" data-element_type=\"widget\" data-widget_type=\"text-editor.default\">\n\t\t\t\t<div class=\"elementor-widget-container\">\n\t\t\t\t\t\t\t\t\t<p class=\"\" data-start=\"100\" data-end=\"422\">\u0130stanbul\u2019un G\u00f6ztepe, Kartal ve Fener Yolu gibi g\u00fczide semtlerinde k\u00f6kl\u00fc bir ge\u00e7mi\u015fe sahip olan <strong data-start=\"195\" data-end=\"213\">\u00d6znil Nakliyat<\/strong>, y\u0131llard\u0131r evden eve ta\u015f\u0131mac\u0131l\u0131kta g\u00fcvenin ad\u0131 olmu\u015ftur. Ta\u015f\u0131nmak, \u00e7o\u011fu insan i\u00e7in stresli bir s\u00fcre\u00e7tir; biz ise bu s\u00fcreci sizin yerinize planlayan, kolayla\u015ft\u0131ran ve sorunsuz hale getiren bir \u00e7\u00f6z\u00fcm orta\u011f\u0131y\u0131z.<\/p><p class=\"\" data-start=\"424\" data-end=\"724\">E\u015fyalar\u0131n\u0131z\u0131 sadece birer nesne olarak de\u011fil, an\u0131lar\u0131n\u0131z\u0131n ta\u015f\u0131y\u0131c\u0131s\u0131 olarak g\u00f6r\u00fcr\u00fcz. Bu y\u00fczden her koliyi \u00f6zenle sarar, her mobilyay\u0131 dikkatle ta\u015f\u0131r, her detay\u0131 titizlikle planlar\u0131z. Tecr\u00fcbeli kadromuz, modern ekipmanlar\u0131m\u0131z ve g\u00fcler y\u00fczl\u00fc hizmet anlay\u0131\u015f\u0131m\u0131zla, sadece ta\u015f\u0131m\u0131yoruz \u2014 g\u00fcven veriyoruz.<\/p><p class=\"\" data-start=\"726\" data-end=\"818\">\u00d6znil Nakliyat ile tan\u0131\u015f\u0131n, ta\u015f\u0131nman\u0131n ne kadar kolay ve huzurlu olabilece\u011fini siz de g\u00f6r\u00fcn.<\/p>\t\t\t\t\t\t\t\t<\/div>\n\t\t\t\t<\/div>\n\t\t\t\t\t<\/div>\n\t\t<\/div>\n\t\t\t\t\t<\/div>\n\t\t<\/section>\n\t\t\t\t<section class=\"elementor-section elementor-top-section elementor-element elementor-element-25273b71 elementor-reverse-tablet elementor-reverse-mobile elementor-section-boxed elementor-section-height-default elementor-section-height-default\" data-id=\"25273b71\" data-element_type=\"section\" data-settings=\"{&quot;background_background&quot;:&quot;classic&quot;}\">\n\t\t\t\t\t\t\t<div class=\"elementor-background-overlay\"><\/div>\n\t\t\t\t\t\t\t<div class=\"elementor-container elementor-column-gap-default\">\n\t\t\t\t\t<div class=\"elementor-column elementor-col-50 elementor-top-column elementor-element elementor-element-3b2cc398\" data-id=\"3b2cc398\" data-element_type=\"column\">\n\t\t\t<div class=\"elementor-widget-wrap elementor-element-populated\">\n\t\t\t\t\t\t<div class=\"elementor-element elementor-element-8eefafd elementor-hidden-phone elementor-widget elementor-widget-image\" data-id=\"8eefafd\" data-element_type=\"widget\" data-widget_type=\"image.default\">\n\t\t\t\t<div class=\"elementor-widget-container\">\n\t\t\t\t\t\t\t\t\t\t\t\t\t\t\t<img decoding=\"async\" width=\"418\" height=\"626\" src=\"https:\/\/oznilnakliyat.com\/wp-content\/uploads\/2025\/05\/0d781718-3894-4f6c-b63e-75fda2fadb6f.jpeg\" class=\"attachment-full size-full wp-image-261\" alt=\"\" srcset=\"https:\/\/oznilnakliyat.com\/wp-content\/uploads\/2025\/05\/0d781718-3894-4f6c-b63e-75fda2fadb6f.jpeg 418w, https:\/\/oznilnakliyat.com\/wp-content\/uploads\/2025\/05\/0d781718-3894-4f6c-b63e-75fda2fadb6f-200x300.jpeg 200w\" sizes=\"(max-width: 418px) 100vw, 418px\" \/>\t\t\t\t\t\t\t\t\t\t\t\t\t\t\t<\/div>\n\t\t\t\t<\/div>\n\t\t\t\t<div class=\"elementor-element elementor-element-4329bd00 elementor-widget__width-initial elementor-absolute elementor-widget-mobile__width-initial elementor-hidden-phone elementor-widget-tablet__width-initial elementor-widget elementor-widget-spacer\" data-id=\"4329bd00\" data-element_type=\"widget\" data-settings=\"{&quot;_position&quot;:&quot;absolute&quot;}\" data-widget_type=\"spacer.default\">\n\t\t\t\t<div class=\"elementor-widget-container\">\n\t\t\t\t\t\t\t<div class=\"elementor-spacer\">\n\t\t\t<div class=\"elementor-spacer-inner\"><\/div>\n\t\t<\/div>\n\t\t\t\t\t\t<\/div>\n\t\t\t\t<\/div>\n\t\t\t\t\t<\/div>\n\t\t<\/div>\n\t\t\t\t<div class=\"elementor-column elementor-col-50 elementor-top-column elementor-element elementor-element-29e49540\" data-id=\"29e49540\" data-element_type=\"column\">\n\t\t\t<div class=\"elementor-widget-wrap elementor-element-populated\">\n\t\t\t\t\t\t<div class=\"elementor-element elementor-element-44a6dcc1 elementor-widget elementor-widget-elementskit-heading\" data-id=\"44a6dcc1\" data-element_type=\"widget\" data-widget_type=\"elementskit-heading.default\">\n\t\t\t\t<div class=\"elementor-widget-container\">\n\t\t\t\t\t<div class=\"ekit-wid-con\" ><div class=\"ekit-heading elementskit-section-title-wraper text_left   ekit_heading_tablet-   ekit_heading_mobile-\"><div class=\"ekit_heading_separetor_wraper ekit_heading_elementskit-border-divider elementskit-style-long\"><div class=\"elementskit-border-divider elementskit-style-long\"><\/div><\/div><h2 class=\"ekit-heading--title elementskit-section-title \">M\u00fc\u015fteri Memnuniyeti<\/h2><\/div><\/div>\t\t\t\t<\/div>\n\t\t\t\t<\/div>\n\t\t\t\t<div class=\"elementor-element elementor-element-61af40fc elementor-widget elementor-widget-heading\" data-id=\"61af40fc\" data-element_type=\"widget\" data-widget_type=\"heading.default\">\n\t\t\t\t<div class=\"elementor-widget-container\">\n\t\t\t\t\t<h2 class=\"elementor-heading-title elementor-size-default\">\u00d6nceli\u011fimiz Sizin Memnuniyetiniz<\/h2>\t\t\t\t<\/div>\n\t\t\t\t<\/div>\n\t\t\t\t<div class=\"elementor-element elementor-element-41319f1a elementor-widget elementor-widget-elementskit-progressbar\" data-id=\"41319f1a\" data-element_type=\"widget\" data-widget_type=\"elementskit-progressbar.default\">\n\t\t\t\t<div class=\"elementor-widget-container\">\n\t\t\t\t\t<div class=\"ekit-wid-con\" >        <div class=\"waypoint-tigger\">\n            <div class=\"skillbar-group tooltip-style2\" data-progress-bar=\"\">\n                <div class=\"single-skill-bar\">\n                                            <div class=\"skill-bar-content\">\n                            <span class=\"skill-title\">Belgeli ve Resmi Hizmet Anlay\u0131\u015f\u0131<\/span>\n                        <\/div><!-- .skill-bar-content END -->\n                        <div class=\"skill-bar\">\n                            <div class=\"skill-track\">\n                                \n                                <div class=\"number-percentage-wraper\">\n                                    <span class=\"number-percentage\" data-value=\"98\" data-animation-duration=\"2500\">0<\/span>%\n\n                                                                    <\/div>\n                            <\/div>\n                        <\/div><!-- .skill-bar END -->\n                                    <\/div><!-- .single-skill-bar END -->\n            <\/div><!-- .skillbar-group END -->\n        <\/div>\n        <\/div>\t\t\t\t<\/div>\n\t\t\t\t<\/div>\n\t\t\t\t<div class=\"elementor-element elementor-element-798e2d79 elementor-widget elementor-widget-elementskit-progressbar\" data-id=\"798e2d79\" data-element_type=\"widget\" data-widget_type=\"elementskit-progressbar.default\">\n\t\t\t\t<div class=\"elementor-widget-container\">\n\t\t\t\t\t<div class=\"ekit-wid-con\" >        <div class=\"waypoint-tigger\">\n            <div class=\"skillbar-group tooltip-style2\" data-progress-bar=\"\">\n                <div class=\"single-skill-bar\">\n                                            <div class=\"skill-bar-content\">\n                            <span class=\"skill-title\">Profesyonel Ekip ve K\u0131l\u0131k K\u0131yafet D\u00fczeni<\/span>\n                        <\/div><!-- .skill-bar-content END -->\n                        <div class=\"skill-bar\">\n                            <div class=\"skill-track\">\n                                \n                                <div class=\"number-percentage-wraper\">\n                                    <span class=\"number-percentage\" data-value=\"86\" data-animation-duration=\"2500\">0<\/span>%\n\n                                                                    <\/div>\n                            <\/div>\n                        <\/div><!-- .skill-bar END -->\n                                    <\/div><!-- .single-skill-bar END -->\n            <\/div><!-- .skillbar-group END -->\n        <\/div>\n        <\/div>\t\t\t\t<\/div>\n\t\t\t\t<\/div>\n\t\t\t\t<div class=\"elementor-element elementor-element-6ae2f575 elementor-widget elementor-widget-elementskit-progressbar\" data-id=\"6ae2f575\" data-element_type=\"widget\" data-widget_type=\"elementskit-progressbar.default\">\n\t\t\t\t<div class=\"elementor-widget-container\">\n\t\t\t\t\t<div class=\"ekit-wid-con\" >        <div class=\"waypoint-tigger\">\n            <div class=\"skillbar-group tooltip-style2\" data-progress-bar=\"\">\n                <div class=\"single-skill-bar\">\n                                            <div class=\"skill-bar-content\">\n                            <span class=\"skill-title\">Yaz\u0131l\u0131 S\u00f6zle\u015fme ve Ta\u015f\u0131ma G\u00fcvencesi<\/span>\n                        <\/div><!-- .skill-bar-content END -->\n                        <div class=\"skill-bar\">\n                            <div class=\"skill-track\">\n                                \n                                <div class=\"number-percentage-wraper\">\n                                    <span class=\"number-percentage\" data-value=\"90\" data-animation-duration=\"2500\">0<\/span>%\n\n                                                                    <\/div>\n                            <\/div>\n                        <\/div><!-- .skill-bar END -->\n                                    <\/div><!-- .single-skill-bar END -->\n            <\/div><!-- .skillbar-group END -->\n        <\/div>\n        <\/div>\t\t\t\t<\/div>\n\t\t\t\t<\/div>\n\t\t\t\t<div class=\"elementor-element elementor-element-2dccf8d0 elementor-widget elementor-widget-elementskit-progressbar\" data-id=\"2dccf8d0\" data-element_type=\"widget\" data-widget_type=\"elementskit-progressbar.default\">\n\t\t\t\t<div class=\"elementor-widget-container\">\n\t\t\t\t\t<div class=\"ekit-wid-con\" >        <div class=\"waypoint-tigger\">\n            <div class=\"skillbar-group tooltip-style2\" data-progress-bar=\"\">\n                <div class=\"single-skill-bar\">\n                                            <div class=\"skill-bar-content\">\n                            <span class=\"skill-title\">M\u00fc\u015fteri Memnuniyeti Odakl\u0131 S\u00fcre\u00e7 Y\u00f6netimi<\/span>\n                        <\/div><!-- .skill-bar-content END -->\n                        <div class=\"skill-bar\">\n                            <div class=\"skill-track\">\n                                \n                                <div class=\"number-percentage-wraper\">\n                                    <span class=\"number-percentage\" data-value=\"80\" data-animation-duration=\"2500\">0<\/span>%\n\n                                                                    <\/div>\n                            <\/div>\n                        <\/div><!-- .skill-bar END -->\n                                    <\/div><!-- .single-skill-bar END -->\n            <\/div><!-- .skillbar-group END -->\n        <\/div>\n        <\/div>\t\t\t\t<\/div>\n\t\t\t\t<\/div>\n\t\t\t\t\t<\/div>\n\t\t<\/div>\n\t\t\t\t\t<\/div>\n\t\t<\/section>\n\t\t\t\t<\/div>\n\t\t","protected":false},"excerpt":{"rendered":"<p>Kurumsal Ana Sayfa KurumsalUs Belgeli ve Resmi Hizmet Anlay\u0131\u015f\u0131 Pellentesque ut diam vel lorem auctor vestibulum in Viverra quam ut nisl egestas tempus uspendisse. Profesyonel Ekip ve K\u0131l\u0131k K\u0131yafet D\u00fczeni Pellentesque ut diam vel lorem auctor vestibulum in viverra quam ut nisl egestas tempus uspendisse.&hellip;<\/p>\n","protected":false},"author":1,"featured_media":0,"parent":0,"menu_order":0,"comment_status":"closed","ping_status":"closed","template":"elementor_header_footer","meta":{"footnotes":""},"class_list":["post-111","page","type-page","status-publish","hentry"],"_links":{"self":[{"href":"https:\/\/oznilnakliyat.com\/index.php?rest_route=\/wp\/v2\/pages\/111","targetHints":{"allow":["GET"]}}],"collection":[{"href":"https:\/\/oznilnakliyat.com\/index.php?rest_route=\/wp\/v2\/pages"}],"about":[{"href":"https:\/\/oznilnakliyat.com\/index.php?rest_route=\/wp\/v2\/types\/page"}],"author":[{"embeddable":true,"href":"https:\/\/oznilnakliyat.com\/index.php?rest_route=\/wp\/v2\/users\/1"}],"replies":[{"embeddable":true,"href":"https:\/\/oznilnakliyat.com\/index.php?rest_route=%2Fwp%2Fv2%2Fcomments&post=111"}],"version-history":[{"count":22,"href":"https:\/\/oznilnakliyat.com\/index.php?rest_route=\/wp\/v2\/pages\/111\/revisions"}],"predecessor-version":[{"id":299,"href":"https:\/\/oznilnakliyat.com\/index.php?rest_route=\/wp\/v2\/pages\/111\/revisions\/299"}],"wp:attachment":[{"href":"https:\/\/oznilnakliyat.com\/index.php?rest_route=%2Fwp%2Fv2%2Fmedia&parent=111"}],"curies":[{"name":"wp","href":"https:\/\/api.w.org\/{rel}","templated":true}]}}